{"id":387,"date":"2022-04-14T09:24:15","date_gmt":"2022-04-14T06:24:15","guid":{"rendered":"https:\/\/matkaliit.ee\/?page_id=387"},"modified":"2022-11-16T20:00:43","modified_gmt":"2022-11-16T18:00:43","slug":"era-uudiskirjad","status":"publish","type":"page","link":"https:\/\/www.matkaliit.ee\/en\/era-uudiskirjad\/","title":{"rendered":"ERA uudiskirjad"},"content":{"rendered":"<p><img decoding=\"async\" src=\"https:\/\/matkaliit.ee\/wp-content\/uploads\/2022\/04\/csm_ERA_logo_Full_Colour_22efcb2a2e.png\" sizes=\"(max-width: 97px) 100vw, 97px\" srcset=\"https:\/\/matkaliit.ee\/wp-content\/uploads\/2022\/04\/csm_ERA_logo_Full_Colour_22efcb2a2e.png 97w, https:\/\/matkaliit.ee\/wp-content\/uploads\/2022\/04\/csm_ERA_logo_Full_Colour_22efcb2a2e-10x12.png 10w\" alt=\"\" width=\"97\" height=\"120\" \/><\/p>\n<p>Euroopa R\u00e4ndurite Assotsiatsioon (ERA) asutati Saksamaal 1969. aastal ja t\u00e4naseks h\u00f5lmab see katusorganisatsioon 65 organisatsiooni 35 Euroopa riigist. Nendes organisatsioonides on kokku \u00fcle 3 miljoni \u00fcksikliikme. Enamikul liikmesorganisatsioonidest on enam kui viiek\u00fcmneaastane kogemus k\u00f5ndimist h\u00f5lbustavate tugis\u00fcsteemide korraldamisel ja loomisel (radade t\u00e4histamine, onnide ja varjualuste ehitamine, vaatetornid, k\u00e4mpingud jne). Eesti Matkaliit on ERA t\u00e4isliige 1993. aasta septembrist.<\/p>\n<p>Sellest aastast jagame uudiskirju ka siin lehel. Lugemiseks kl\u00f5psa lingil. Uudiskirjad on inglise keelsed.<\/p>\n<p><a href=\"https:\/\/us19.campaign-archive.com\/?u=e254cc5dd233bd1609c3ed6ca&amp;id=cf12beec5f\" target=\"_blank\" rel=\"noopener\">12\/11\/2022 &#8211;\u00a0 ERA uudiskiri N0. 5\/2022<\/a><\/p>\n<p>02\/08\/2022 <a href=\"https:\/\/us19.campaign-archive.com\/?u=e254cc5dd233bd1609c3ed6ca&amp;id=2d333d82dd\" target=\"_blank\" rel=\"noopener\">ERA uudiskiri No. 4\/2022<\/a><\/p>\n<p>01\/06\/2022\u00a0 &#8211; <a href=\"https:\/\/us19.campaign-archive.com\/?u=e254cc5dd233bd1609c3ed6ca&amp;id=381aef5b33\" target=\"_blank\" rel=\"noopener\">ERA uudiskiri No. 3\/2022<\/a><\/p>\n<p>21\/03\/2022 &#8211;\u00a0<a title=\"ERA Newsletter No. 02\/2022\" href=\"http:\/\/eepurl.com\/hXEvn9\" target=\"_blank\" rel=\"noopener\">ERA uudiskiri No. 02\/2022<\/a><\/p>\n<p>28\/01\/2022 &#8211;\u00a0<a title=\"ERA newsletter No. 1\/2022\" href=\"http:\/\/eepurl.com\/hTkFuf\" target=\"_blank\" rel=\"noopener\">ERA uudiskiri No. 1\/2022<\/a><\/p>","protected":false},"excerpt":{"rendered":"<p>Euroopa R\u00e4ndurite Assotsiatsioon (ERA) asutati Saksamaal 1969. aastal ja t\u00e4naseks h\u00f5lmab see katusorganisatsioon 65 organisatsiooni 35 Euroopa riigist. Nendes organisatsioonides on kokku \u00fcle 3 miljoni \u00fcksikliikme. Enamikul liikmesorganisatsioonidest on enam kui viiek\u00fcmneaastane kogemus k\u00f5ndimist h\u00f5lbustavate tugis\u00fcsteemide korraldamisel ja loomisel (radade t\u00e4histamine, onnide ja varjualuste ehitamine, vaatetornid, k\u00e4mpingud jne). Eesti Matkaliit on ERA t\u00e4isliige 1993. aasta<\/p>\n<div class='read-more-button'><a class='read-more-link' href='https:\/\/www.matkaliit.ee\/en\/era-uudiskirjad\/' style='border: 1px solid #3f83bf'>Read more&#8230;<\/a><\/div>","protected":false},"author":1,"featured_media":0,"parent":0,"menu_order":0,"comment_status":"closed","ping_status":"closed","template":"","meta":{"footnotes":""},"class_list":["post-387","page","type-page","status-publish","hentry"],"yoast_head":"<!-- This site is optimized with the Yoast SEO plugin v27.5 - https:\/\/yoast.com\/product\/yoast-seo-wordpress\/ -->\n<title>ERA uudiskirjad - Eesti Matkaliit<\/title>\n<meta name=\"robots\" content=\"index, follow, max-snippet:-1, max-image-preview:large, max-video-preview:-1\" \/>\n<link rel=\"canonical\" href=\"https:\/\/www.matkaliit.ee\/en\/era-uudiskirjad\/\" \/>\n<meta property=\"og:locale\" content=\"en_GB\" \/>\n<meta property=\"og:type\" content=\"article\" \/>\n<meta property=\"og:title\" content=\"ERA uudiskirjad - Eesti Matkaliit\" \/>\n<meta property=\"og:description\" content=\"Euroopa R\u00e4ndurite Assotsiatsioon (ERA) asutati Saksamaal 1969. aastal ja t\u00e4naseks h\u00f5lmab see katusorganisatsioon 65 organisatsiooni 35 Euroopa riigist. Nendes organisatsioonides on kokku \u00fcle 3 miljoni \u00fcksikliikme. Enamikul liikmesorganisatsioonidest on enam kui viiek\u00fcmneaastane kogemus k\u00f5ndimist h\u00f5lbustavate tugis\u00fcsteemide korraldamisel ja loomisel (radade t\u00e4histamine, onnide ja varjualuste ehitamine, vaatetornid, k\u00e4mpingud jne). Eesti Matkaliit on ERA t\u00e4isliige 1993. aastaRead more...\" \/>\n<meta property=\"og:url\" content=\"https:\/\/www.matkaliit.ee\/en\/era-uudiskirjad\/\" \/>\n<meta property=\"og:site_name\" content=\"Eesti Matkaliit\" \/>\n<meta property=\"article:modified_time\" content=\"2022-11-16T18:00:43+00:00\" \/>\n<meta property=\"og:image\" content=\"https:\/\/matkaliit.ee\/wp-content\/uploads\/2022\/04\/csm_ERA_logo_Full_Colour_22efcb2a2e.png\" \/>\n<meta name=\"twitter:card\" content=\"summary_large_image\" \/>\n<meta name=\"twitter:label1\" content=\"Estimated reading time\" \/>\n\t<meta name=\"twitter:data1\" content=\"1 minute\" \/>\n<script type=\"application\/ld+json\" class=\"yoast-schema-graph\">{\"@context\":\"https:\\\/\\\/schema.org\",\"@graph\":[{\"@type\":\"WebPage\",\"@id\":\"https:\\\/\\\/www.matkaliit.ee\\\/era-uudiskirjad\\\/\",\"url\":\"https:\\\/\\\/www.matkaliit.ee\\\/era-uudiskirjad\\\/\",\"name\":\"ERA uudiskirjad - Eesti Matkaliit\",\"isPartOf\":{\"@id\":\"https:\\\/\\\/matkaliit.ee\\\/en\\\/#website\"},\"primaryImageOfPage\":{\"@id\":\"https:\\\/\\\/www.matkaliit.ee\\\/era-uudiskirjad\\\/#primaryimage\"},\"image\":{\"@id\":\"https:\\\/\\\/www.matkaliit.ee\\\/era-uudiskirjad\\\/#primaryimage\"},\"thumbnailUrl\":\"https:\\\/\\\/matkaliit.ee\\\/wp-content\\\/uploads\\\/2022\\\/04\\\/csm_ERA_logo_Full_Colour_22efcb2a2e.png\",\"datePublished\":\"2022-04-14T06:24:15+00:00\",\"dateModified\":\"2022-11-16T18:00:43+00:00\",\"breadcrumb\":{\"@id\":\"https:\\\/\\\/www.matkaliit.ee\\\/era-uudiskirjad\\\/#breadcrumb\"},\"inLanguage\":\"en-GB\",\"potentialAction\":[{\"@type\":\"ReadAction\",\"target\":[\"https:\\\/\\\/www.matkaliit.ee\\\/era-uudiskirjad\\\/\"]}]},{\"@type\":\"ImageObject\",\"inLanguage\":\"en-GB\",\"@id\":\"https:\\\/\\\/www.matkaliit.ee\\\/era-uudiskirjad\\\/#primaryimage\",\"url\":\"https:\\\/\\\/matkaliit.ee\\\/wp-content\\\/uploads\\\/2022\\\/04\\\/csm_ERA_logo_Full_Colour_22efcb2a2e.png\",\"contentUrl\":\"https:\\\/\\\/matkaliit.ee\\\/wp-content\\\/uploads\\\/2022\\\/04\\\/csm_ERA_logo_Full_Colour_22efcb2a2e.png\"},{\"@type\":\"BreadcrumbList\",\"@id\":\"https:\\\/\\\/www.matkaliit.ee\\\/era-uudiskirjad\\\/#breadcrumb\",\"itemListElement\":[{\"@type\":\"ListItem\",\"position\":1,\"name\":\"Home\",\"item\":\"https:\\\/\\\/matkaliit.ee\\\/en\\\/\"},{\"@type\":\"ListItem\",\"position\":2,\"name\":\"ERA uudiskirjad\"}]},{\"@type\":\"WebSite\",\"@id\":\"https:\\\/\\\/matkaliit.ee\\\/en\\\/#website\",\"url\":\"https:\\\/\\\/matkaliit.ee\\\/en\\\/\",\"name\":\"Eesti Matkaliit\",\"description\":\"\",\"publisher\":{\"@id\":\"https:\\\/\\\/matkaliit.ee\\\/en\\\/#organization\"},\"potentialAction\":[{\"@type\":\"SearchAction\",\"target\":{\"@type\":\"EntryPoint\",\"urlTemplate\":\"https:\\\/\\\/matkaliit.ee\\\/en\\\/?s={search_term_string}\"},\"query-input\":{\"@type\":\"PropertyValueSpecification\",\"valueRequired\":true,\"valueName\":\"search_term_string\"}}],\"inLanguage\":\"en-GB\"},{\"@type\":\"Organization\",\"@id\":\"https:\\\/\\\/matkaliit.ee\\\/en\\\/#organization\",\"name\":\"Eesti Matkaliit\",\"url\":\"https:\\\/\\\/matkaliit.ee\\\/en\\\/\",\"logo\":{\"@type\":\"ImageObject\",\"inLanguage\":\"en-GB\",\"@id\":\"https:\\\/\\\/matkaliit.ee\\\/en\\\/#\\\/schema\\\/logo\\\/image\\\/\",\"url\":\"https:\\\/\\\/www.matkaliit.ee\\\/wp-content\\\/uploads\\\/2021\\\/04\\\/logo-koodulehele-1.jpg\",\"contentUrl\":\"https:\\\/\\\/www.matkaliit.ee\\\/wp-content\\\/uploads\\\/2021\\\/04\\\/logo-koodulehele-1.jpg\",\"width\":150,\"height\":137,\"caption\":\"Eesti Matkaliit\"},\"image\":{\"@id\":\"https:\\\/\\\/matkaliit.ee\\\/en\\\/#\\\/schema\\\/logo\\\/image\\\/\"}}]}<\/script>\n<!-- \/ Yoast SEO plugin. -->","yoast_head_json":{"title":"ERA uudiskirjad - Eesti Matkaliit","robots":{"index":"index","follow":"follow","max-snippet":"max-snippet:-1","max-image-preview":"max-image-preview:large","max-video-preview":"max-video-preview:-1"},"canonical":"https:\/\/www.matkaliit.ee\/en\/era-uudiskirjad\/","og_locale":"en_GB","og_type":"article","og_title":"ERA uudiskirjad - Eesti Matkaliit","og_description":"Euroopa R\u00e4ndurite Assotsiatsioon (ERA) asutati Saksamaal 1969. aastal ja t\u00e4naseks h\u00f5lmab see katusorganisatsioon 65 organisatsiooni 35 Euroopa riigist. Nendes organisatsioonides on kokku \u00fcle 3 miljoni \u00fcksikliikme. Enamikul liikmesorganisatsioonidest on enam kui viiek\u00fcmneaastane kogemus k\u00f5ndimist h\u00f5lbustavate tugis\u00fcsteemide korraldamisel ja loomisel (radade t\u00e4histamine, onnide ja varjualuste ehitamine, vaatetornid, k\u00e4mpingud jne). Eesti Matkaliit on ERA t\u00e4isliige 1993. aastaRead more...","og_url":"https:\/\/www.matkaliit.ee\/en\/era-uudiskirjad\/","og_site_name":"Eesti Matkaliit","article_modified_time":"2022-11-16T18:00:43+00:00","og_image":[{"url":"https:\/\/matkaliit.ee\/wp-content\/uploads\/2022\/04\/csm_ERA_logo_Full_Colour_22efcb2a2e.png","type":"","width":"","height":""}],"twitter_card":"summary_large_image","twitter_misc":{"Estimated reading time":"1 minute"},"schema":{"@context":"https:\/\/schema.org","@graph":[{"@type":"WebPage","@id":"https:\/\/www.matkaliit.ee\/era-uudiskirjad\/","url":"https:\/\/www.matkaliit.ee\/era-uudiskirjad\/","name":"ERA uudiskirjad - Eesti Matkaliit","isPartOf":{"@id":"https:\/\/matkaliit.ee\/en\/#website"},"primaryImageOfPage":{"@id":"https:\/\/www.matkaliit.ee\/era-uudiskirjad\/#primaryimage"},"image":{"@id":"https:\/\/www.matkaliit.ee\/era-uudiskirjad\/#primaryimage"},"thumbnailUrl":"https:\/\/matkaliit.ee\/wp-content\/uploads\/2022\/04\/csm_ERA_logo_Full_Colour_22efcb2a2e.png","datePublished":"2022-04-14T06:24:15+00:00","dateModified":"2022-11-16T18:00:43+00:00","breadcrumb":{"@id":"https:\/\/www.matkaliit.ee\/era-uudiskirjad\/#breadcrumb"},"inLanguage":"en-GB","potentialAction":[{"@type":"ReadAction","target":["https:\/\/www.matkaliit.ee\/era-uudiskirjad\/"]}]},{"@type":"ImageObject","inLanguage":"en-GB","@id":"https:\/\/www.matkaliit.ee\/era-uudiskirjad\/#primaryimage","url":"https:\/\/matkaliit.ee\/wp-content\/uploads\/2022\/04\/csm_ERA_logo_Full_Colour_22efcb2a2e.png","contentUrl":"https:\/\/matkaliit.ee\/wp-content\/uploads\/2022\/04\/csm_ERA_logo_Full_Colour_22efcb2a2e.png"},{"@type":"BreadcrumbList","@id":"https:\/\/www.matkaliit.ee\/era-uudiskirjad\/#breadcrumb","itemListElement":[{"@type":"ListItem","position":1,"name":"Home","item":"https:\/\/matkaliit.ee\/en\/"},{"@type":"ListItem","position":2,"name":"ERA uudiskirjad"}]},{"@type":"WebSite","@id":"https:\/\/matkaliit.ee\/en\/#website","url":"https:\/\/matkaliit.ee\/en\/","name":"Eesti Matkaliit","description":"","publisher":{"@id":"https:\/\/matkaliit.ee\/en\/#organization"},"potentialAction":[{"@type":"SearchAction","target":{"@type":"EntryPoint","urlTemplate":"https:\/\/matkaliit.ee\/en\/?s={search_term_string}"},"query-input":{"@type":"PropertyValueSpecification","valueRequired":true,"valueName":"search_term_string"}}],"inLanguage":"en-GB"},{"@type":"Organization","@id":"https:\/\/matkaliit.ee\/en\/#organization","name":"Eesti Matkaliit","url":"https:\/\/matkaliit.ee\/en\/","logo":{"@type":"ImageObject","inLanguage":"en-GB","@id":"https:\/\/matkaliit.ee\/en\/#\/schema\/logo\/image\/","url":"https:\/\/www.matkaliit.ee\/wp-content\/uploads\/2021\/04\/logo-koodulehele-1.jpg","contentUrl":"https:\/\/www.matkaliit.ee\/wp-content\/uploads\/2021\/04\/logo-koodulehele-1.jpg","width":150,"height":137,"caption":"Eesti Matkaliit"},"image":{"@id":"https:\/\/matkaliit.ee\/en\/#\/schema\/logo\/image\/"}}]}},"_links":{"self":[{"href":"https:\/\/www.matkaliit.ee\/en\/wp-json\/wp\/v2\/pages\/387","targetHints":{"allow":["GET"]}}],"collection":[{"href":"https:\/\/www.matkaliit.ee\/en\/wp-json\/wp\/v2\/pages"}],"about":[{"href":"https:\/\/www.matkaliit.ee\/en\/wp-json\/wp\/v2\/types\/page"}],"author":[{"embeddable":true,"href":"https:\/\/www.matkaliit.ee\/en\/wp-json\/wp\/v2\/users\/1"}],"replies":[{"embeddable":true,"href":"https:\/\/www.matkaliit.ee\/en\/wp-json\/wp\/v2\/comments?post=387"}],"version-history":[{"count":5,"href":"https:\/\/www.matkaliit.ee\/en\/wp-json\/wp\/v2\/pages\/387\/revisions"}],"predecessor-version":[{"id":529,"href":"https:\/\/www.matkaliit.ee\/en\/wp-json\/wp\/v2\/pages\/387\/revisions\/529"}],"wp:attachment":[{"href":"https:\/\/www.matkaliit.ee\/en\/wp-json\/wp\/v2\/media?parent=387"}],"curies":[{"name":"wp","href":"https:\/\/api.w.org\/{rel}","templated":true}]}}