{"id":87,"date":"2021-04-08T07:56:02","date_gmt":"2021-04-08T07:56:02","guid":{"rendered":"https:\/\/matkaliit.ee\/?page_id=87"},"modified":"2024-07-11T20:42:24","modified_gmt":"2024-07-11T17:42:24","slug":"meist","status":"publish","type":"page","link":"https:\/\/www.matkaliit.ee\/en\/meist\/","title":{"rendered":"Meist"},"content":{"rendered":"<p>Eesti Matkaliit (Matkaliit) on mittetulunduslik \u00fchendus, mis on k\u00e4esoleval hetkel katusorganisatsiooniks 25 matkaklubile ja osa\u00fchingule. Eesti Matkaliidu juures tegutseb kutsekomisjon ja n\u00f5unikud. Meie liikmesorganisatsioonides tegeldakse erinevate matkaliikidega: jalgsi-, jalgratta-, m\u00e4gi- ja veematkamisega.<\/p>\n<p>Eesti Matkaliidu tegevuse eesm\u00e4rk on matkategevuse kaudu aidata kaasa eluterve \u00fchiskonna arengule Eestis. Me l\u00e4heme matkale erinevate eesm\u00e4rkidega, kuid alati oleme silmas pidanud allj\u00e4rgnevaid p\u00f5him\u00f5tteid:<\/p>\n<ul>\n<li>matkamine on looduses liikumise \u00fcks vorme, kus matkaja liigub arvestades seal kehtivate reeglitega;<\/li>\n<li>matkamine on sihip\u00e4rane tegevus, kus igal matkal on oma eesm\u00e4rk ja teada selle saavutamise moodused;<\/li>\n<li>matkamine annab v\u00f5imaluse inimese vaimsete ja f\u00fc\u00fcsiliste v\u00f5imete tasakaalustatud arengule;<\/li>\n<li>matkamine on sport ilma publikuta;<\/li>\n<li>matkamises nagu spordiski, kehtib Ausa M\u00e4ngu (Fair Play) p\u00f5him\u00f5te;<\/li>\n<li>matkamine on seiklus, kus \u00fcheks edasiviivaks j\u00f5uks on uudishimu ja kammitsevaks j\u00f5uks reaalne ohutaju;<\/li>\n<li>matkamine on \u00fcmberl\u00fclitumine igap\u00e4evasest elurutiinidest omaette olemisele v\u00f5i oma parimate s\u00f5prade seltskonnale;<\/li>\n<li>matkamine on j\u00f5ukohane igale eale.<\/li>\n<\/ul>\n<p>Eesti Matkaliit on Eesti Ol\u00fcmpiakomitee liige, me kuulume \u00dchendusse Sport K\u00f5igile, teeme koost\u00f6\u00f6d Keskkonnaministeeriumi, EAS Turismiarenduskeskuse ja kohalike omavalitsuste ning arendusorganisatsioonidega. Eesti Matkaliit on Euroopa R\u00e4ndurite Assotsiatsiooni (ERA) liige alates 1993. a ja osaleb ERA komisjonide t\u00f6\u00f6s.<\/p>\n<p id=\"liitumine\">Kui soovid ka enda organisatsiooni tuua Eesti Matkaliidu liikmeks, laadi alla sooviavalduse ankeet <a href=\"https:\/\/drive.google.com\/file\/d\/1uOqeWsTMopAJlrqbh9IUPVdaNaSFyLvT\/view?usp=drive_link\" target=\"_blank\" rel=\"noopener\">siit<\/a> ning saada see t\u00e4idetuna ja digitaalselt allkirjastatuna aadressile info@matkaliit.ee, kirjeldades l\u00fchidalt paari lausega liitumissoovi p\u00f5hjuseid ning enda organisatsiooni tegevuse seost matkamisega.<\/p>","protected":false},"excerpt":{"rendered":"<p>Eesti Matkaliit (Matkaliit) on mittetulunduslik \u00fchendus, mis on k\u00e4esoleval hetkel katusorganisatsiooniks 25 matkaklubile ja osa\u00fchingule. Eesti Matkaliidu juures tegutseb kutsekomisjon ja n\u00f5unikud. Meie liikmesorganisatsioonides tegeldakse erinevate matkaliikidega: jalgsi-, jalgratta-, m\u00e4gi- ja veematkamisega. Eesti Matkaliidu tegevuse eesm\u00e4rk on matkategevuse kaudu aidata kaasa eluterve \u00fchiskonna arengule Eestis. Me l\u00e4heme matkale erinevate eesm\u00e4rkidega, kuid alati oleme silmas pidanud<\/p>\n<div class='read-more-button'><a class='read-more-link' href='https:\/\/www.matkaliit.ee\/en\/meist\/' style='border: 1px solid #3f83bf'>Read more&#8230;<\/a><\/div>","protected":false},"author":1,"featured_media":0,"parent":0,"menu_order":0,"comment_status":"closed","ping_status":"closed","template":"","meta":{"footnotes":""},"class_list":["post-87","page","type-page","status-publish","hentry"],"yoast_head":"<!-- This site is optimized with the Yoast SEO plugin v27.3 - https:\/\/yoast.com\/product\/yoast-seo-wordpress\/ -->\n<title>Meist - Eesti Matkaliit<\/title>\n<meta name=\"robots\" content=\"index, follow, max-snippet:-1, max-image-preview:large, max-video-preview:-1\" \/>\n<link rel=\"canonical\" href=\"https:\/\/matkaliit.ee\/meist\/\" \/>\n<meta property=\"og:locale\" content=\"en_GB\" \/>\n<meta property=\"og:type\" content=\"article\" \/>\n<meta property=\"og:title\" content=\"Meist - Eesti Matkaliit\" \/>\n<meta property=\"og:description\" content=\"Eesti Matkaliit (Matkaliit) on mittetulunduslik \u00fchendus, mis on k\u00e4esoleval hetkel katusorganisatsiooniks 25 matkaklubile ja osa\u00fchingule. Eesti Matkaliidu juures tegutseb kutsekomisjon ja n\u00f5unikud. Meie liikmesorganisatsioonides tegeldakse erinevate matkaliikidega: jalgsi-, jalgratta-, m\u00e4gi- ja veematkamisega. Eesti Matkaliidu tegevuse eesm\u00e4rk on matkategevuse kaudu aidata kaasa eluterve \u00fchiskonna arengule Eestis. Me l\u00e4heme matkale erinevate eesm\u00e4rkidega, kuid alati oleme silmas pidanudRead more...\" \/>\n<meta property=\"og:url\" content=\"https:\/\/matkaliit.ee\/meist\/\" \/>\n<meta property=\"og:site_name\" content=\"Eesti Matkaliit\" \/>\n<meta property=\"article:modified_time\" content=\"2024-07-11T17:42:24+00:00\" \/>\n<meta name=\"twitter:card\" content=\"summary_large_image\" \/>\n<meta name=\"twitter:label1\" content=\"Estimated reading time\" \/>\n\t<meta name=\"twitter:data1\" content=\"2 minutes\" \/>\n<script type=\"application\/ld+json\" class=\"yoast-schema-graph\">{\"@context\":\"https:\\\/\\\/schema.org\",\"@graph\":[{\"@type\":\"WebPage\",\"@id\":\"https:\\\/\\\/matkaliit.ee\\\/meist\\\/\",\"url\":\"https:\\\/\\\/matkaliit.ee\\\/meist\\\/\",\"name\":\"Meist - Eesti Matkaliit\",\"isPartOf\":{\"@id\":\"https:\\\/\\\/matkaliit.ee\\\/#website\"},\"datePublished\":\"2021-04-08T07:56:02+00:00\",\"dateModified\":\"2024-07-11T17:42:24+00:00\",\"breadcrumb\":{\"@id\":\"https:\\\/\\\/matkaliit.ee\\\/meist\\\/#breadcrumb\"},\"inLanguage\":\"en-GB\",\"potentialAction\":[{\"@type\":\"ReadAction\",\"target\":[\"https:\\\/\\\/matkaliit.ee\\\/meist\\\/\"]}]},{\"@type\":\"BreadcrumbList\",\"@id\":\"https:\\\/\\\/matkaliit.ee\\\/meist\\\/#breadcrumb\",\"itemListElement\":[{\"@type\":\"ListItem\",\"position\":1,\"name\":\"Home\",\"item\":\"https:\\\/\\\/matkaliit.ee\\\/\"},{\"@type\":\"ListItem\",\"position\":2,\"name\":\"Meist\"}]},{\"@type\":\"WebSite\",\"@id\":\"https:\\\/\\\/matkaliit.ee\\\/#website\",\"url\":\"https:\\\/\\\/matkaliit.ee\\\/\",\"name\":\"Eesti Matkaliit\",\"description\":\"\",\"publisher\":{\"@id\":\"https:\\\/\\\/matkaliit.ee\\\/#organization\"},\"potentialAction\":[{\"@type\":\"SearchAction\",\"target\":{\"@type\":\"EntryPoint\",\"urlTemplate\":\"https:\\\/\\\/matkaliit.ee\\\/?s={search_term_string}\"},\"query-input\":{\"@type\":\"PropertyValueSpecification\",\"valueRequired\":true,\"valueName\":\"search_term_string\"}}],\"inLanguage\":\"en-GB\"},{\"@type\":\"Organization\",\"@id\":\"https:\\\/\\\/matkaliit.ee\\\/#organization\",\"name\":\"Eesti Matkaliit\",\"url\":\"https:\\\/\\\/matkaliit.ee\\\/\",\"logo\":{\"@type\":\"ImageObject\",\"inLanguage\":\"en-GB\",\"@id\":\"https:\\\/\\\/matkaliit.ee\\\/#\\\/schema\\\/logo\\\/image\\\/\",\"url\":\"https:\\\/\\\/matkaliit.ee\\\/wp-content\\\/uploads\\\/2021\\\/04\\\/logo-koodulehele-1.jpg\",\"contentUrl\":\"https:\\\/\\\/matkaliit.ee\\\/wp-content\\\/uploads\\\/2021\\\/04\\\/logo-koodulehele-1.jpg\",\"width\":150,\"height\":137,\"caption\":\"Eesti Matkaliit\"},\"image\":{\"@id\":\"https:\\\/\\\/matkaliit.ee\\\/#\\\/schema\\\/logo\\\/image\\\/\"}}]}<\/script>\n<!-- \/ Yoast SEO plugin. -->","yoast_head_json":{"title":"Meist - Eesti Matkaliit","robots":{"index":"index","follow":"follow","max-snippet":"max-snippet:-1","max-image-preview":"max-image-preview:large","max-video-preview":"max-video-preview:-1"},"canonical":"https:\/\/matkaliit.ee\/meist\/","og_locale":"en_GB","og_type":"article","og_title":"Meist - Eesti Matkaliit","og_description":"Eesti Matkaliit (Matkaliit) on mittetulunduslik \u00fchendus, mis on k\u00e4esoleval hetkel katusorganisatsiooniks 25 matkaklubile ja osa\u00fchingule. Eesti Matkaliidu juures tegutseb kutsekomisjon ja n\u00f5unikud. Meie liikmesorganisatsioonides tegeldakse erinevate matkaliikidega: jalgsi-, jalgratta-, m\u00e4gi- ja veematkamisega. Eesti Matkaliidu tegevuse eesm\u00e4rk on matkategevuse kaudu aidata kaasa eluterve \u00fchiskonna arengule Eestis. Me l\u00e4heme matkale erinevate eesm\u00e4rkidega, kuid alati oleme silmas pidanudRead more...","og_url":"https:\/\/matkaliit.ee\/meist\/","og_site_name":"Eesti Matkaliit","article_modified_time":"2024-07-11T17:42:24+00:00","twitter_card":"summary_large_image","twitter_misc":{"Estimated reading time":"2 minutes"},"schema":{"@context":"https:\/\/schema.org","@graph":[{"@type":"WebPage","@id":"https:\/\/matkaliit.ee\/meist\/","url":"https:\/\/matkaliit.ee\/meist\/","name":"Meist - Eesti Matkaliit","isPartOf":{"@id":"https:\/\/matkaliit.ee\/#website"},"datePublished":"2021-04-08T07:56:02+00:00","dateModified":"2024-07-11T17:42:24+00:00","breadcrumb":{"@id":"https:\/\/matkaliit.ee\/meist\/#breadcrumb"},"inLanguage":"en-GB","potentialAction":[{"@type":"ReadAction","target":["https:\/\/matkaliit.ee\/meist\/"]}]},{"@type":"BreadcrumbList","@id":"https:\/\/matkaliit.ee\/meist\/#breadcrumb","itemListElement":[{"@type":"ListItem","position":1,"name":"Home","item":"https:\/\/matkaliit.ee\/"},{"@type":"ListItem","position":2,"name":"Meist"}]},{"@type":"WebSite","@id":"https:\/\/matkaliit.ee\/#website","url":"https:\/\/matkaliit.ee\/","name":"Eesti Matkaliit","description":"","publisher":{"@id":"https:\/\/matkaliit.ee\/#organization"},"potentialAction":[{"@type":"SearchAction","target":{"@type":"EntryPoint","urlTemplate":"https:\/\/matkaliit.ee\/?s={search_term_string}"},"query-input":{"@type":"PropertyValueSpecification","valueRequired":true,"valueName":"search_term_string"}}],"inLanguage":"en-GB"},{"@type":"Organization","@id":"https:\/\/matkaliit.ee\/#organization","name":"Eesti Matkaliit","url":"https:\/\/matkaliit.ee\/","logo":{"@type":"ImageObject","inLanguage":"en-GB","@id":"https:\/\/matkaliit.ee\/#\/schema\/logo\/image\/","url":"https:\/\/matkaliit.ee\/wp-content\/uploads\/2021\/04\/logo-koodulehele-1.jpg","contentUrl":"https:\/\/matkaliit.ee\/wp-content\/uploads\/2021\/04\/logo-koodulehele-1.jpg","width":150,"height":137,"caption":"Eesti Matkaliit"},"image":{"@id":"https:\/\/matkaliit.ee\/#\/schema\/logo\/image\/"}}]}},"_links":{"self":[{"href":"https:\/\/www.matkaliit.ee\/en\/wp-json\/wp\/v2\/pages\/87","targetHints":{"allow":["GET"]}}],"collection":[{"href":"https:\/\/www.matkaliit.ee\/en\/wp-json\/wp\/v2\/pages"}],"about":[{"href":"https:\/\/www.matkaliit.ee\/en\/wp-json\/wp\/v2\/types\/page"}],"author":[{"embeddable":true,"href":"https:\/\/www.matkaliit.ee\/en\/wp-json\/wp\/v2\/users\/1"}],"replies":[{"embeddable":true,"href":"https:\/\/www.matkaliit.ee\/en\/wp-json\/wp\/v2\/comments?post=87"}],"version-history":[{"count":5,"href":"https:\/\/www.matkaliit.ee\/en\/wp-json\/wp\/v2\/pages\/87\/revisions"}],"predecessor-version":[{"id":823,"href":"https:\/\/www.matkaliit.ee\/en\/wp-json\/wp\/v2\/pages\/87\/revisions\/823"}],"wp:attachment":[{"href":"https:\/\/www.matkaliit.ee\/en\/wp-json\/wp\/v2\/media?parent=87"}],"curies":[{"name":"wp","href":"https:\/\/api.w.org\/{rel}","templated":true}]}}